{"id":2198,"date":"2023-07-14T13:15:32","date_gmt":"2023-07-14T11:15:32","guid":{"rendered":"https:\/\/ensemblespirituoso.fr\/?page_id=2198"},"modified":"2023-07-14T13:20:34","modified_gmt":"2023-07-14T11:20:34","slug":"action-culturelle","status":"publish","type":"page","link":"https:\/\/ensemblespirituoso.fr\/?page_id=2198","title":{"rendered":"Action culturelle"},"content":{"rendered":"\n<h2 class=\"wp-block-heading\"><\/h2>\n\n\n\n<p>\u00a0La collaboration de l&rsquo;ensemble Spirituoso avec le d\u00e9partement d\u2019action culturelle d\u2019Argenteuil l\u2019a conduit \u00e0 se produire en\u00a0<strong>m\u00e9diath\u00e8ques, maisons de quartier, librairies, restaurants, cr\u00e8ches et centres de loisirs.<\/strong>\u00a0<\/p>\n\n\n\n<p>L&rsquo;ensemble propose r\u00e9guli\u00e8rement des spectacles aux r\u00e9f\u00e9rents p\u00e9dagogiques de l&rsquo;Education Nationale, mais \u00e9galement des rencontres en bord plateau, des ateliers de d\u00e9couverte de la musique baroque, des instruments anciens&#8230;<\/p>\n\n\n\n<figure class=\"wp-block-image size-large\"><img decoding=\"async\" loading=\"lazy\" width=\"900\" height=\"406\" src=\"https:\/\/ensemblespirituoso.fr\/wp-content\/uploads\/2023\/07\/action_culturelle-900x406.jpg\" alt=\"\" class=\"wp-image-2201\"\/><\/figure>\n","protected":false},"excerpt":{"rendered":"<p>\u00a0La collaboration de l&rsquo;ensemble Spirituoso avec le d\u00e9partement d\u2019action culturelle d\u2019Argenteuil l\u2019a conduit \u00e0 se produire en\u00a0m\u00e9diath\u00e8ques, maisons de quartier, librairies, restaurants, cr\u00e8ches et centres de loisirs.\u00a0 L&rsquo;ensemble propose r\u00e9guli\u00e8rement des spectacles aux r\u00e9f\u00e9rents p\u00e9dagogiques de l&rsquo;Education Nationale, mais \u00e9galement des rencontres en bord plateau, des ateliers de d\u00e9couverte de la musique baroque, des instruments &hellip; <\/p>\n","protected":false},"author":1,"featured_media":0,"parent":0,"menu_order":0,"comment_status":"closed","ping_status":"closed","template":"","meta":[],"_links":{"self":[{"href":"https:\/\/ensemblespirituoso.fr\/index.php?rest_route=\/wp\/v2\/pages\/2198"}],"collection":[{"href":"https:\/\/ensemblespirituoso.fr\/index.php?rest_route=\/wp\/v2\/pages"}],"about":[{"href":"https:\/\/ensemblespirituoso.fr\/index.php?rest_route=\/wp\/v2\/types\/page"}],"author":[{"embeddable":true,"href":"https:\/\/ensemblespirituoso.fr\/index.php?rest_route=\/wp\/v2\/users\/1"}],"replies":[{"embeddable":true,"href":"https:\/\/ensemblespirituoso.fr\/index.php?rest_route=%2Fwp%2Fv2%2Fcomments&post=2198"}],"version-history":[{"count":2,"href":"https:\/\/ensemblespirituoso.fr\/index.php?rest_route=\/wp\/v2\/pages\/2198\/revisions"}],"predecessor-version":[{"id":2202,"href":"https:\/\/ensemblespirituoso.fr\/index.php?rest_route=\/wp\/v2\/pages\/2198\/revisions\/2202"}],"wp:attachment":[{"href":"https:\/\/ensemblespirituoso.fr\/index.php?rest_route=%2Fwp%2Fv2%2Fmedia&parent=2198"}],"curies":[{"name":"wp","href":"https:\/\/api.w.org\/{rel}","templated":true}]}}