{"id":2160,"date":"2023-07-14T12:17:22","date_gmt":"2023-07-14T10:17:22","guid":{"rendered":"https:\/\/ensemblespirituoso.fr\/?page_id=2160"},"modified":"2023-07-14T12:32:54","modified_gmt":"2023-07-14T10:32:54","slug":"recital-autour-de-gabriele-leone","status":"publish","type":"page","link":"https:\/\/ensemblespirituoso.fr\/?page_id=2160","title":{"rendered":"R\u00e9cital autour de Gabriele Leone"},"content":{"rendered":"<p align=\"JUSTIFY\"><b>Gabriele Leone (c. 1725 \u2013 c. 1790)<\/b><\/p>\n<p align=\"JUSTIFY\">Il est certainement le plus illustre des mandolinistes de son \u00e9poque. Il se produit \u00e0 plusieurs reprises au Concert spirituel puis devient impresario du directeur de l\u2019Op\u00e9ra de Londres. De retour \u00e0 Paris, il est ma\u00eetre de mandoline du duc de Chartres (futur Philippe \u00c9galit\u00e9) \u00e0 qui il d\u00e9die en 1768 sa\u00a0<i>M\u00e9thode raisonn\u00e9e\u00a0<\/i>pour mandoline, ouvrage de r\u00e9f\u00e9rence en ce qui concerne la technique instrumentale de l\u2019\u00e9poque. Mais Gabriele Leone reste un personnage myst\u00e9rieux dont on ne poss\u00e8de que tr\u00e8s peu d\u2019\u00e9l\u00e9ments biographiques. C\u2019est finalement sa musique (dont le style et l\u2019\u00e9criture se caract\u00e9risent par une grande virtuosit\u00e9 instrumentale, des mouvements lents expressifs, des recherches d\u2019effets contrast\u00e9s, souvent comiques) qui nous r\u00e9v\u00e8le le caract\u00e8re de ce personnage haut en couleur.<\/p>\n","protected":false},"excerpt":{"rendered":"<p>Gabriele Leone (c. 1725 \u2013 c. 1790) Il est certainement le plus illustre des mandolinistes de son \u00e9poque. Il se produit \u00e0 plusieurs reprises au Concert spirituel puis devient impresario du directeur de l\u2019Op\u00e9ra de Londres. De retour \u00e0 Paris, il est ma\u00eetre de mandoline du duc de Chartres (futur Philippe \u00c9galit\u00e9) \u00e0 qui il &hellip; <\/p>\n","protected":false},"author":1,"featured_media":1729,"parent":6,"menu_order":0,"comment_status":"closed","ping_status":"closed","template":"","meta":[],"_links":{"self":[{"href":"https:\/\/ensemblespirituoso.fr\/index.php?rest_route=\/wp\/v2\/pages\/2160"}],"collection":[{"href":"https:\/\/ensemblespirituoso.fr\/index.php?rest_route=\/wp\/v2\/pages"}],"about":[{"href":"https:\/\/ensemblespirituoso.fr\/index.php?rest_route=\/wp\/v2\/types\/page"}],"author":[{"embeddable":true,"href":"https:\/\/ensemblespirituoso.fr\/index.php?rest_route=\/wp\/v2\/users\/1"}],"replies":[{"embeddable":true,"href":"https:\/\/ensemblespirituoso.fr\/index.php?rest_route=%2Fwp%2Fv2%2Fcomments&post=2160"}],"version-history":[{"count":1,"href":"https:\/\/ensemblespirituoso.fr\/index.php?rest_route=\/wp\/v2\/pages\/2160\/revisions"}],"predecessor-version":[{"id":2161,"href":"https:\/\/ensemblespirituoso.fr\/index.php?rest_route=\/wp\/v2\/pages\/2160\/revisions\/2161"}],"up":[{"embeddable":true,"href":"https:\/\/ensemblespirituoso.fr\/index.php?rest_route=\/wp\/v2\/pages\/6"}],"wp:featuredmedia":[{"embeddable":true,"href":"https:\/\/ensemblespirituoso.fr\/index.php?rest_route=\/wp\/v2\/media\/1729"}],"wp:attachment":[{"href":"https:\/\/ensemblespirituoso.fr\/index.php?rest_route=%2Fwp%2Fv2%2Fmedia&parent=2160"}],"curies":[{"name":"wp","href":"https:\/\/api.w.org\/{rel}","templated":true}]}}