{"id":2044,"date":"2020-10-07T12:06:31","date_gmt":"2020-10-07T10:06:31","guid":{"rendered":"https:\/\/ensemblespirituoso.fr\/?page_id=2044"},"modified":"2022-03-08T09:56:18","modified_gmt":"2022-03-08T08:56:18","slug":"des-italiens-a-paris-07-03","status":"publish","type":"page","link":"https:\/\/ensemblespirituoso.fr\/?page_id=2044","title":{"rendered":"Des Italiens \u00e0 Paris &#8211; 03\/04"},"content":{"rendered":"\n<h2 class=\"has-text-align-center wp-block-heading\">03 avril 2022<\/h2>\n\n\n\n<h2 class=\"wp-block-heading\">Atelier &#8211; Jardins de l&rsquo;Abbaye <\/h2>\n\n\n\n<h3 class=\"wp-block-heading\"><strong>Casanova \/ Leone \/ Lorusso \/ Ratoci : des italiens \u00e0 Paris<\/strong><\/h3>\n\n\n\n<div class=\"wp-block-image\"><figure class=\"alignright size-large is-resized\"><img decoding=\"async\" loading=\"lazy\" src=\"https:\/\/ensemblespirituoso.fr\/wp-content\/uploads\/2021\/08\/AFFICHE-pdf-957x406.jpg\" alt=\"\" class=\"wp-image-2082\" width=\"397\" height=\"168\"\/><\/figure><\/div>\n\n\n\n<p>Deux cent cinquante ann\u00e9es s\u00e9parent les migrations de ces quatre italiens. Vers 1760, Gabriel Leone, ma\u00eetre de mandoline, participait aux salons parisiens. De con c\u00f4t\u00e9, Casanova r\u00e9digeait <em>Histoire de ma Vie, <\/em>dans laquelle il d\u00e9crivait la soci\u00e9t\u00e9 de l\u2019Europe du XVIIIIe si\u00e8cle. Aujourd\u2019hui, les contemporains Giulia Lorusso et Alessandro Ratoci composent selon une autre esth\u00e9tique sonore, celle de la musique \u00e9lectronique, tissant un lien entre le pass\u00e9 et le pr\u00e9sent, dans un jeu de miroir \u00abbaroque\u00bb, o\u00f9 le Moderne rencontre l\u2019Ancien. Cr\u00e9ation de l\u2019Ensemble Spirituoso avec le com\u00e9dien Stanislas de la Tousche \u2013 r\u00e9citant -, ce concert-lecture est une co-production du Festival de Musique Baroque de Pontoise.<\/p>\n\n\n\n<p>R\u00e9servation conseill\u00e9e sur <a href=\"mailto:reservation@lespinceesmusicales.fr\" target=\"_blank\" rel=\"noreferrer noopener\">reservation@lespinceesmusicales.fr<\/a><\/p>\n\n\n\n<p>#mandoline #ensemblespirituoso #lespinc\u00e9esmusicales<\/p>\n","protected":false},"excerpt":{"rendered":"<p>03 avril 2022 Atelier &#8211; Jardins de l&rsquo;Abbaye Casanova \/ Leone \/ Lorusso \/ Ratoci : des italiens \u00e0 Paris Deux cent cinquante ann\u00e9es s\u00e9parent les migrations de ces quatre italiens. Vers 1760, Gabriel Leone, ma\u00eetre de mandoline, participait aux salons parisiens. De con c\u00f4t\u00e9, Casanova r\u00e9digeait Histoire de ma Vie, dans laquelle il d\u00e9crivait &hellip; <\/p>\n","protected":false},"author":1,"featured_media":0,"parent":0,"menu_order":0,"comment_status":"closed","ping_status":"closed","template":"","meta":[],"_links":{"self":[{"href":"https:\/\/ensemblespirituoso.fr\/index.php?rest_route=\/wp\/v2\/pages\/2044"}],"collection":[{"href":"https:\/\/ensemblespirituoso.fr\/index.php?rest_route=\/wp\/v2\/pages"}],"about":[{"href":"https:\/\/ensemblespirituoso.fr\/index.php?rest_route=\/wp\/v2\/types\/page"}],"author":[{"embeddable":true,"href":"https:\/\/ensemblespirituoso.fr\/index.php?rest_route=\/wp\/v2\/users\/1"}],"replies":[{"embeddable":true,"href":"https:\/\/ensemblespirituoso.fr\/index.php?rest_route=%2Fwp%2Fv2%2Fcomments&post=2044"}],"version-history":[{"count":4,"href":"https:\/\/ensemblespirituoso.fr\/index.php?rest_route=\/wp\/v2\/pages\/2044\/revisions"}],"predecessor-version":[{"id":2105,"href":"https:\/\/ensemblespirituoso.fr\/index.php?rest_route=\/wp\/v2\/pages\/2044\/revisions\/2105"}],"wp:attachment":[{"href":"https:\/\/ensemblespirituoso.fr\/index.php?rest_route=%2Fwp%2Fv2%2Fmedia&parent=2044"}],"curies":[{"name":"wp","href":"https:\/\/api.w.org\/{rel}","templated":true}]}}