{"id":1980,"date":"2020-06-02T08:28:53","date_gmt":"2020-06-02T06:28:53","guid":{"rendered":"https:\/\/ensemblespirituoso.fr\/?page_id=1980"},"modified":"2021-08-30T17:34:22","modified_gmt":"2021-08-30T15:34:22","slug":"des-italiens-a-paris","status":"publish","type":"page","link":"https:\/\/ensemblespirituoso.fr\/?page_id=1980","title":{"rendered":"Des Italiens \u00e0 Paris"},"content":{"rendered":"\n<h2 class=\"has-text-align-center wp-block-heading\">15 janvier 2021<\/h2>\n\n\n\n<h2 class=\"wp-block-heading\">Th\u00e9\u00e2tre de Vaur\u00e9al<\/h2>\n\n\n\n<h3 class=\"wp-block-heading\"><strong>Casanova \/ Leone \/ Lorusso \/ Ratoci : des italiens \u00e0 Paris<\/strong><\/h3>\n\n\n\n<p>\/!\\ Suite \u00e0 la crise sanitaire, la cr\u00e9ation du spectacle a \u00e9t\u00e9 <span class=\"has-inline-color has-vivid-red-color\">repouss\u00e9e au vendredi 5 mars 2021<\/span>. La cr\u00e9ation a eu lieu, sans public, avec une retransmission en semi-direct, multi cam\u00e9ras, par internet \/!\\<\/p>\n\n\n\n<p>L&rsquo;Ensemble Spirituoso attends avec impatience le moment de reprendre les repr\u00e9sentations de ce spectacle dont les ailes ont \u00e9t\u00e9 coup\u00e9es en plein envol !<\/p>\n\n\n\n<p><\/p>\n","protected":false},"excerpt":{"rendered":"<p>15 janvier 2021 Th\u00e9\u00e2tre de Vaur\u00e9al Casanova \/ Leone \/ Lorusso \/ Ratoci : des italiens \u00e0 Paris \/!\\ Suite \u00e0 la crise sanitaire, la cr\u00e9ation du spectacle a \u00e9t\u00e9 repouss\u00e9e au vendredi 5 mars 2021. La cr\u00e9ation a eu lieu, sans public, avec une retransmission en semi-direct, multi cam\u00e9ras, par internet \/!\\ L&rsquo;Ensemble Spirituoso &hellip; <\/p>\n","protected":false},"author":2,"featured_media":0,"parent":0,"menu_order":0,"comment_status":"closed","ping_status":"closed","template":"","meta":[],"_links":{"self":[{"href":"https:\/\/ensemblespirituoso.fr\/index.php?rest_route=\/wp\/v2\/pages\/1980"}],"collection":[{"href":"https:\/\/ensemblespirituoso.fr\/index.php?rest_route=\/wp\/v2\/pages"}],"about":[{"href":"https:\/\/ensemblespirituoso.fr\/index.php?rest_route=\/wp\/v2\/types\/page"}],"author":[{"embeddable":true,"href":"https:\/\/ensemblespirituoso.fr\/index.php?rest_route=\/wp\/v2\/users\/2"}],"replies":[{"embeddable":true,"href":"https:\/\/ensemblespirituoso.fr\/index.php?rest_route=%2Fwp%2Fv2%2Fcomments&post=1980"}],"version-history":[{"count":4,"href":"https:\/\/ensemblespirituoso.fr\/index.php?rest_route=\/wp\/v2\/pages\/1980\/revisions"}],"predecessor-version":[{"id":2079,"href":"https:\/\/ensemblespirituoso.fr\/index.php?rest_route=\/wp\/v2\/pages\/1980\/revisions\/2079"}],"wp:attachment":[{"href":"https:\/\/ensemblespirituoso.fr\/index.php?rest_route=%2Fwp%2Fv2%2Fmedia&parent=1980"}],"curies":[{"name":"wp","href":"https:\/\/api.w.org\/{rel}","templated":true}]}}