{"id":1637,"date":"2016-12-07T14:58:01","date_gmt":"2016-12-07T14:58:01","guid":{"rendered":"https:\/\/ensemblespirituoso.fr\/?page_id=1637"},"modified":"2016-12-07T14:58:01","modified_gmt":"2016-12-07T14:58:01","slug":"anayepes","status":"publish","type":"page","link":"https:\/\/ensemblespirituoso.fr\/?page_id=1637","title":{"rendered":"Ana Yepes"},"content":{"rendered":"<p><img decoding=\"async\" loading=\"lazy\" class=\"size-full wp-image-1639 aligncenter\" src=\"https:\/\/ensemblespirituoso.fr\/wp-content\/uploads\/2016\/12\/ana-1.jpg\" alt=\"ana yepes\" width=\"650\" height=\"432\" srcset=\"https:\/\/ensemblespirituoso.fr\/wp-content\/uploads\/2016\/12\/ana-1.jpg 650w, https:\/\/ensemblespirituoso.fr\/wp-content\/uploads\/2016\/12\/ana-1-300x199.jpg 300w\" sizes=\"(max-width: 650px) 100vw, 650px\" \/><\/p>\n<p>&nbsp;<\/p>\n<p>Dipl\u00f4m\u00e9e du Conservatoire Sup\u00e9rieur de Musique de Madrid, elle a suivi des cours d&rsquo;Analyse et d&rsquo;Harmonie avec Nadia Boulanger \u00e0 Paris. Elle s&rsquo;est sp\u00e9cialis\u00e9e en musique ancienne au Conservatoire Royal de La Haye. Elle a obtenu le dipl\u00f4me \u00ab\u00a0Early Dance Teacher\u00a0\u00bb de la Guidhall School of Music de Londres. Elle a \u00e9tudi\u00e9 la danse en Sorbonne dans la classe de Francine Lancelot.<\/p>\n<p>Parmi ses cr\u00e9ations on trouve des danses baroques : Eclats Baroques, Fiesta, Donaires, Les Danses du Roi\u2026 et des danses contemporaines : Dialogues avec mon p\u00e8re, en hommage \u00e0 Narciso Yepes, Zarandanzas \u2026.<\/p>\n<p>En tant que chor\u00e9graphe, elle a collabor\u00e9 avec divers metteurs en sc\u00e8ne : Alfredo Arias, Francisco Negr\u00edn, Jean-Marie Vill\u00e9gier, Gilbert Deflo, Ren\u00e9e Auphan et Jean-Michel Criqui, Juan Sanz.<\/p>\n<p>Avec Les Arts Florissants, elle a r\u00e9alis\u00e9 la sc\u00e9nographie et la chor\u00e9graphie de plusieurs programmes : King Arthur, Le Bourgeois Gentilhomme, Les Plaisirs de Versailles, Orph\u00e9e aux Enfers, Madrigaux, ainsi que Les P\u00e8lerins de la Mecque.<\/p>\n<p>Les grandes sc\u00e8nes du monde l&rsquo;ont accueillie en tant qu&rsquo;interpr\u00e8te et chor\u00e9graphe : Op\u00e9ra Royal de Covent Garden, Op\u00e9ra National de Paris, Op\u00e9ra Royal de Copenhague, Grand Th\u00e9\u00e2tre de Gen\u00e8ve, New York City Opera, Compagnie Nationale du Th\u00e9\u00e2tre Classique de Madrid \u2026.<\/p>\n<p>Elle dirige actuellement l\u2019Ensemble de danses anciennes Donaires (<a href=\"http:\/\/www.donaires.eu\">www.donaires.eu<\/a>). Elle enseigne les danses de la Renaissance et la danse baroque en France, en plusieurs pays d&rsquo;Europe, d&rsquo;Am\u00e9rique latine, d&rsquo;Am\u00e9rique du nord, et au Japon.<\/p>\n<p>&nbsp;<\/p>\n<p>In English:<\/p>\n<p>A graduate of the Madrid Higher Music Conservatory, Ana Yepes studied Musical Analysis and Harmony with Nadia Boulanger in Paris. She specialised in ancient music at the Royal Conservatory of the Hague and earned the \u201cEarly Dance Teacher\u201d degree from the Guidhall School of Music in London. She also studied dance at the Sorbonne with Francine Lancelot.<\/p>\n<p>Her creations include baroque dances: Eclats Baroques, Fiesta, Donaires, Les Danses du Roi, as well as contemporary dances: a homage to her father Narciso Yepes Dialogues avec mon p\u00e8re, Zarandanzas, etc.<\/p>\n<p>As a choreographer, she has collaborated with various directors, such as Alfredo Arias, Francisco Negr\u00edn, Jean-Marie Vill\u00e9gier, Gilbert Deflo, Ren\u00e9e Auphan, Jean-Michel Criqui, and Juan Sanz.<\/p>\n<p>With Les Arts Florissants, she has designed the scenography and choreography of several productions, such as King Arthur, Le Bourgeois Gentilhomme, Les Plaisirs de Versailles, Orph\u00e9e aux Enfers, Madrigaux, and Les P\u00e8lerins de la Mecque.<\/p>\n<p>Theatres world-wide have welcomed her as a dancer and choreographer: Royal Opera of Covent Garden, Op\u00e9ra National de Paris, Royal Opera of Copenhagen, Grand Th\u00e9\u00e2tre de Gen\u00e8ve, New York City Opera, National Company of the Madrid Classical Theatre, etc.<\/p>\n<p>She currently leads Donaires, the ancient-dance ensemble (<a href=\"http:\/\/www.donaires.eu\">www.donaires.eu<\/a>) and teaches Renaissance and baroque dance in France, and elsewhere in Europe, the Americas and Japan.<\/p>\n","protected":false},"excerpt":{"rendered":"<p>&nbsp; Dipl\u00f4m\u00e9e du Conservatoire Sup\u00e9rieur de Musique de Madrid, elle a suivi des cours d&rsquo;Analyse et d&rsquo;Harmonie avec Nadia Boulanger \u00e0 Paris. Elle s&rsquo;est sp\u00e9cialis\u00e9e en musique ancienne au Conservatoire Royal de La Haye. Elle a obtenu le dipl\u00f4me \u00ab\u00a0Early Dance Teacher\u00a0\u00bb de la Guidhall School of Music de Londres. Elle a \u00e9tudi\u00e9 la danse &hellip; <\/p>\n","protected":false},"author":1,"featured_media":0,"parent":1086,"menu_order":0,"comment_status":"closed","ping_status":"closed","template":"","meta":[],"_links":{"self":[{"href":"https:\/\/ensemblespirituoso.fr\/index.php?rest_route=\/wp\/v2\/pages\/1637"}],"collection":[{"href":"https:\/\/ensemblespirituoso.fr\/index.php?rest_route=\/wp\/v2\/pages"}],"about":[{"href":"https:\/\/ensemblespirituoso.fr\/index.php?rest_route=\/wp\/v2\/types\/page"}],"author":[{"embeddable":true,"href":"https:\/\/ensemblespirituoso.fr\/index.php?rest_route=\/wp\/v2\/users\/1"}],"replies":[{"embeddable":true,"href":"https:\/\/ensemblespirituoso.fr\/index.php?rest_route=%2Fwp%2Fv2%2Fcomments&post=1637"}],"version-history":[{"count":0,"href":"https:\/\/ensemblespirituoso.fr\/index.php?rest_route=\/wp\/v2\/pages\/1637\/revisions"}],"up":[{"embeddable":true,"href":"https:\/\/ensemblespirituoso.fr\/index.php?rest_route=\/wp\/v2\/pages\/1086"}],"wp:attachment":[{"href":"https:\/\/ensemblespirituoso.fr\/index.php?rest_route=%2Fwp%2Fv2%2Fmedia&parent=1637"}],"curies":[{"name":"wp","href":"https:\/\/api.w.org\/{rel}","templated":true}]}}