{"id":1625,"date":"2016-12-07T14:37:57","date_gmt":"2016-12-07T14:37:57","guid":{"rendered":"https:\/\/ensemblespirituoso.fr\/?page_id=1625"},"modified":"2016-12-07T14:37:57","modified_gmt":"2016-12-07T14:37:57","slug":"leonardoloredodesa","status":"publish","type":"page","link":"https:\/\/ensemblespirituoso.fr\/?page_id=1625","title":{"rendered":"Leonardo Loredo de S\u00e1"},"content":{"rendered":"<p><img decoding=\"async\" loading=\"lazy\" class=\"size-full wp-image-1649 aligncenter\" src=\"https:\/\/ensemblespirituoso.fr\/wp-content\/uploads\/2016\/12\/leonardo-1.jpg\" alt=\"leonardo\" width=\"650\" height=\"432\" srcset=\"https:\/\/ensemblespirituoso.fr\/wp-content\/uploads\/2016\/12\/leonardo-1.jpg 650w, https:\/\/ensemblespirituoso.fr\/wp-content\/uploads\/2016\/12\/leonardo-1-300x199.jpg 300w\" sizes=\"(max-width: 650px) 100vw, 650px\" \/><\/p>\n<p>Guitariste de formation, dipl\u00f4m\u00e9 de l\u2019Universit\u00e9 de Rio de Janeiro, Leonardo Loredo poursuit ses \u00e9tudes en France et obtient le dipl\u00f4me sup\u00e9rieur de luth, th\u00e9orbe et guitare baroque au C.N.R. de Paris dans la classe de Claire Antonini. Il se sp\u00e9cialise ensuite en luth et guitare de la Renaissance au C.N.R. de Tours aupr\u00e8s de Pascale Boquet.<\/p>\n<p>Il interpr\u00e8te la musique de la Renaissance et la musique baroque sous la direction de chefs tels que Martin Gester, Gabriel Garrido, Michel Lapl\u00e9nie ainsi qu\u2019au sein de divers ensembles\u00a0: La Simphonie du Marais, Ludus Modalis, Suonare e Cantare, La Ma\u00eetrise de Notre-Dame de Paris, entre autres.<\/p>\n<p>Leonardo Loredo de S\u00e1 est membre fondateur du quatuor de luths Les Luths Consort (<a href=\"http:\/\/www.lesluthsconsort.fr\">http:\/\/www.lesluthsconsort.fr<\/a>) et dirige l\u2019ensemble vocal et instrumental Il Ballo (<a href=\"http:\/\/www.ilballo.fr\">http:\/\/www.ilballo.fr<\/a>).<br \/>\nEn tant que Professeur titulaire, il enseigne le luth, le th\u00e9orbe et la guitare au Conservatoire \u00e0 Rayonnement Communal d\u2019Herblay (95) et \u00e0 l\u2019\u00c9cole Municipale de Musique du Plessis-Bouchard (95).<\/p>\n<p>&nbsp;<\/p>\n<p><strong>In English:<\/strong><\/p>\n<p>A guitarist by training, graduate of Rio de Janeiro University, Leonardo Loredo continued his studies in France and obtained a higher degree in lute, theorbo and baroque guitar at the Paris Regional Conservatory in the class of Claire Antonini. He then specialised in Renaissance lute and guitar at the Tours Regional Conservatory with Pascale Boquet.<\/p>\n<p>He plays Renaissance and baroque music with various conductors such as Martin Gester, Gabriel Garrido and Michel Lapl\u00e9nie, and with ensembles such as La Simphonie du Marais, Ludus Modalis, Suonare e Cantare, and La Ma\u00eetrise de Notre-Dame de Paris.<\/p>\n<p>Leonardo Loredo de S\u00e1 is a founding member of a lute quartet, Les Luths Consort (<a href=\"http:\/\/www.lesluthsconsort.fr\">http:\/\/www.lesluthsconsort.fr<\/a>) and leads a vocal and instrumental ensemble: Il Ballo (<a href=\"http:\/\/www.ilballo.fr\">http:\/\/www.ilballo.fr<\/a>).<\/p>\n<p>As a tenured professor, he teaches lute, theorbo and guitar at the Township Conservatory of Herblay (95) and at the Municipal Music School of Le Plessis-Bouchard (95).<\/p>\n","protected":false},"excerpt":{"rendered":"<p>Guitariste de formation, dipl\u00f4m\u00e9 de l\u2019Universit\u00e9 de Rio de Janeiro, Leonardo Loredo poursuit ses \u00e9tudes en France et obtient le dipl\u00f4me sup\u00e9rieur de luth, th\u00e9orbe et guitare baroque au C.N.R. de Paris dans la classe de Claire Antonini. Il se sp\u00e9cialise ensuite en luth et guitare de la Renaissance au C.N.R. de Tours aupr\u00e8s de &hellip; <\/p>\n","protected":false},"author":1,"featured_media":0,"parent":1086,"menu_order":0,"comment_status":"closed","ping_status":"closed","template":"","meta":[],"_links":{"self":[{"href":"https:\/\/ensemblespirituoso.fr\/index.php?rest_route=\/wp\/v2\/pages\/1625"}],"collection":[{"href":"https:\/\/ensemblespirituoso.fr\/index.php?rest_route=\/wp\/v2\/pages"}],"about":[{"href":"https:\/\/ensemblespirituoso.fr\/index.php?rest_route=\/wp\/v2\/types\/page"}],"author":[{"embeddable":true,"href":"https:\/\/ensemblespirituoso.fr\/index.php?rest_route=\/wp\/v2\/users\/1"}],"replies":[{"embeddable":true,"href":"https:\/\/ensemblespirituoso.fr\/index.php?rest_route=%2Fwp%2Fv2%2Fcomments&post=1625"}],"version-history":[{"count":0,"href":"https:\/\/ensemblespirituoso.fr\/index.php?rest_route=\/wp\/v2\/pages\/1625\/revisions"}],"up":[{"embeddable":true,"href":"https:\/\/ensemblespirituoso.fr\/index.php?rest_route=\/wp\/v2\/pages\/1086"}],"wp:attachment":[{"href":"https:\/\/ensemblespirituoso.fr\/index.php?rest_route=%2Fwp%2Fv2%2Fmedia&parent=1625"}],"curies":[{"name":"wp","href":"https:\/\/api.w.org\/{rel}","templated":true}]}}