{"id":1623,"date":"2016-12-07T14:31:57","date_gmt":"2016-12-07T14:31:57","guid":{"rendered":"https:\/\/ensemblespirituoso.fr\/?page_id=1623"},"modified":"2016-12-07T14:31:57","modified_gmt":"2016-12-07T14:31:57","slug":"philippefoulon","status":"publish","type":"page","link":"https:\/\/ensemblespirituoso.fr\/?page_id=1623","title":{"rendered":"Philippe Foulon"},"content":{"rendered":"<p><img decoding=\"async\" loading=\"lazy\" class=\"size-full wp-image-1647 aligncenter\" src=\"https:\/\/ensemblespirituoso.fr\/wp-content\/uploads\/2016\/12\/philippe-1.jpg\" alt=\"philippe\" width=\"432\" height=\"650\" srcset=\"https:\/\/ensemblespirituoso.fr\/wp-content\/uploads\/2016\/12\/philippe-1.jpg 432w, https:\/\/ensemblespirituoso.fr\/wp-content\/uploads\/2016\/12\/philippe-1-199x300.jpg 199w\" sizes=\"(max-width: 432px) 100vw, 432px\" \/><\/p>\n<p>Philippe FOULON, violiste et violoncelliste, obtient un Premier Prix au Conservatoire Royal de Bruxelles en 1983. Avec Wieland Kuijken, il se produit r\u00e9guli\u00e8rement en duo de violes. Il collabore avec les Arts Florissants et avec la Grande \u00c9curie et la Chambre du Roi. Il joue en soliste ou avec des musiciens tels que Jaap Schroeder, Monica Huggett, Ton Koopman, Bob Van Asperen.<\/p>\n<p>Il a enregistr\u00e9 de nombreux disques, tr\u00e8s bien accueillis par la presse et prim\u00e9s par diverses institutions : Diapasons d\u2019or, T\u00e9l\u00e9rama, Acad\u00e9mie Charles-Cros, Minist\u00e8re espagnol de la Culture&#8230;<\/p>\n<p>Philippe Foulon est fondateur du Lachrim\u00e6 Consort<br \/>\n(<a href=\"http:\/\/www.ariavoce.com\/ensembles\/aria-lachrimae-consort\/\">http:\/\/www.ariavoce.com\/ensembles\/aria-lachrimae-consort\/<\/a>). Avec son ami musicologue Jean-Charles L\u00e9on, il a entrepris de redonner vie \u00e0 plusieurs instruments disparus de la famille des \u00ab\u00a0instruments d\u2019amour\u00a0\u00bb : viole d&rsquo;Orph\u00e9e, violoncelle d&rsquo;amour ou \u00ab\u00a0violoncello all\u2019inglese\u00a0\u00bb et instruments \u00e0 cordes sympathiques, comme les violons d\u2019amour, les violes et la violetta all\u2019inglese, ainsi que les lyra viols anglaises.<\/p>\n<p>Il est professeur titulaire de viole de gambe, de violoncelle baroque et de baryton \u00e0 cordes, aux Conservatoires des 11\u00e8me et 17\u00e8me arrondissement de Paris. Il assure depuis 1997 des master class au Conservatoire Royal Sup\u00e9rieur de Madrid.<\/p>\n<p>On a pu le voir dans les \u00e9missions de La Bo\u00eete \u00e0 Musique de Jean-Fran\u00e7ois Zygel, notamment avec le baryton \u00e0 cordes, et en consort de violes.<\/p>\n<p>&nbsp;<\/p>\n<p><strong>In English:<\/strong><\/p>\n<p>Philippe FOULON, a cello and viola de gamba player, obtained a First Prize from the Brussels Royal Conservatory in 1983. He regularly plays in a viola da gamba duo with Wieland Kuijken. He collaborates with Les Arts Florissants and La Grande \u00c9curie et la Chambre du Roi. He plays as a soloist or with musicians such as Jaap Schroeder, Monica Huggett, Ton Koopman and Bob Van Asperen.<\/p>\n<p>He has made several recordings that were acclaimed by the press and that received awards from various institutions: Diapasons d\u2019or, T\u00e9l\u00e9rama, Acad\u00e9mie Charles-Cros, the Spanish Ministry of Culture, etc.<\/p>\n<p>Philippe Foulon is the founder of the Lachrim\u00e6 Consort<br \/>\n(<a href=\"http:\/\/www.ariavoce.com\/ensembles\/aria-lachrimae-consort\/\">http:\/\/www.ariavoce.com\/ensembles\/aria-lachrimae-consort\/<\/a>). With his friend the musicologist Jean-Charles L\u00e9on, he has endeavoured to bring back to life several \u201cextinct\u201d instruments from the \u201camore instrument\u201d family: the viole d&rsquo;Orph\u00e9e, the violoncelle d&rsquo;amour or the \u201cvioloncello all\u2019inglese\u201d, as well as sympathetic string instruments, such as the violon d\u2019amour, viola and violetta all\u2019inglese, along with the English lyra viols.<\/p>\n<p>He is a tenured professor of the viola da gamba, baroque cello and string baritone at the Conservatories of the 11th and 17th arrondissements of Paris. Since 1997, he has been organising master classes at the Madrid Higher Music Conservatory.<\/p>\n<p>Philippe Foulon has been featured in the broadcasts of La Bo\u00eete \u00e0 Musique by Jean-Fran\u00e7ois Zygel, in particular with a string baritone, and with a viola consort.<\/p>\n","protected":false},"excerpt":{"rendered":"<p>Philippe FOULON, violiste et violoncelliste, obtient un Premier Prix au Conservatoire Royal de Bruxelles en 1983. Avec Wieland Kuijken, il se produit r\u00e9guli\u00e8rement en duo de violes. Il collabore avec les Arts Florissants et avec la Grande \u00c9curie et la Chambre du Roi. Il joue en soliste ou avec des musiciens tels que Jaap Schroeder, &hellip; <\/p>\n","protected":false},"author":1,"featured_media":0,"parent":1086,"menu_order":0,"comment_status":"closed","ping_status":"closed","template":"","meta":[],"_links":{"self":[{"href":"https:\/\/ensemblespirituoso.fr\/index.php?rest_route=\/wp\/v2\/pages\/1623"}],"collection":[{"href":"https:\/\/ensemblespirituoso.fr\/index.php?rest_route=\/wp\/v2\/pages"}],"about":[{"href":"https:\/\/ensemblespirituoso.fr\/index.php?rest_route=\/wp\/v2\/types\/page"}],"author":[{"embeddable":true,"href":"https:\/\/ensemblespirituoso.fr\/index.php?rest_route=\/wp\/v2\/users\/1"}],"replies":[{"embeddable":true,"href":"https:\/\/ensemblespirituoso.fr\/index.php?rest_route=%2Fwp%2Fv2%2Fcomments&post=1623"}],"version-history":[{"count":0,"href":"https:\/\/ensemblespirituoso.fr\/index.php?rest_route=\/wp\/v2\/pages\/1623\/revisions"}],"up":[{"embeddable":true,"href":"https:\/\/ensemblespirituoso.fr\/index.php?rest_route=\/wp\/v2\/pages\/1086"}],"wp:attachment":[{"href":"https:\/\/ensemblespirituoso.fr\/index.php?rest_route=%2Fwp%2Fv2%2Fmedia&parent=1623"}],"curies":[{"name":"wp","href":"https:\/\/api.w.org\/{rel}","templated":true}]}}