{"id":1603,"date":"2016-12-05T16:30:24","date_gmt":"2016-12-05T16:30:24","guid":{"rendered":"https:\/\/ensemblespirituoso.fr\/?page_id=1603"},"modified":"2020-06-02T08:09:57","modified_gmt":"2020-06-02T06:09:57","slug":"florentino-calvo","status":"publish","type":"page","link":"https:\/\/ensemblespirituoso.fr\/?page_id=1603","title":{"rendered":"Florentino Calvo"},"content":{"rendered":"<p><img decoding=\"async\" loading=\"lazy\" class=\"wp-image-1842 size-medium alignright\" src=\"https:\/\/ensemblespirituoso.fr\/wp-content\/uploads\/2019\/09\/Florentino_Calvo-1-300x200.jpg\" alt=\"\" width=\"300\" height=\"200\" border=\"1px solid #FFFFFF\" srcset=\"https:\/\/ensemblespirituoso.fr\/wp-content\/uploads\/2019\/09\/Florentino_Calvo-1-300x200.jpg 300w, https:\/\/ensemblespirituoso.fr\/wp-content\/uploads\/2019\/09\/Florentino_Calvo-1-1024x683.jpg 1024w, https:\/\/ensemblespirituoso.fr\/wp-content\/uploads\/2019\/09\/Florentino_Calvo-1-768x512.jpg 768w, https:\/\/ensemblespirituoso.fr\/wp-content\/uploads\/2019\/09\/Florentino_Calvo-1-1536x1024.jpg 1536w, https:\/\/ensemblespirituoso.fr\/wp-content\/uploads\/2019\/09\/Florentino_Calvo-1-2048x1365.jpg 2048w, https:\/\/ensemblespirituoso.fr\/wp-content\/uploads\/2019\/09\/Florentino_Calvo-1-1200x800.jpg 1200w, https:\/\/ensemblespirituoso.fr\/wp-content\/uploads\/2019\/09\/Florentino_Calvo-1-1980x1320.jpg 1980w\" sizes=\"(max-width: 300px) 100vw, 300px\" \/><\/p>\n<p>Florentino Calvo a effectu\u00e9 ses \u00e9tudes musicales \u00e0 l&rsquo;Ecole Nationale de Musique et de Danse d&rsquo;Argenteuil, haut lieu de l&rsquo;enseignement de la mandoline en France. Il a obtenu un Premier Prix de mandoline dans la classe du professeur Mario Monti. Dans ce m\u00eame \u00e9tablissement, il a suivi aussi les cours de guitare du Ma\u00eetre Alberto Ponce.<\/p>\n<p>Il se produit r\u00e9guli\u00e8rement au sein des plus grands orchestres fran\u00e7ais : l&rsquo;orchestre du Th\u00e9\u00e2tre National de l&rsquo;Op\u00e9ra de Paris, l&rsquo;Ensemble Intercontemporain, l&rsquo;Orchestre National de France, l&rsquo;Orchestre Philarmonique de Radio France, \u2026<\/p>\n<p>Membre co-fondateur du Triopolycordes, il se consacre au r\u00e9pertoire contemporain. A ce trio (<a href=\"http:\/\/www.triopolycordes.fr\">http:\/\/www.triopolycordes.fr<\/a>) plusieurs compositeurs ont d\u00e9di\u00e9 leurs \u0153uvres.<\/p>\n<p>Le Duo Spirituoso (<a href=\"https:\/\/www.facebook.com\/ensemblespirituoso\/info\">https:\/\/www.facebook.com\/ensemblespirituoso\/info<\/a>) form\u00e9 avec la claveciniste Maria Lucia Barros, associe la mandoline et la basse continue, sur copie d&rsquo;instruments anciens. Ils ont enregistr\u00e9 en 2012 La Mandoline Baroque chez Pierre Verany (PV 712061) et Leone (PV 715011).<\/p>\n<p>Depuis 1991, il dirige l&rsquo;orchestre \u00e0 plectres : l&rsquo;Estudiantina d&rsquo;Argenteuil (<a href=\"https:\/\/fr-fr.facebook.com\/EstudiantinaDArgenteuil\">https:\/\/fr-fr.facebook.com\/EstudiantinaDArgenteuil<\/a>) et, depuis 2009, l&rsquo;Ensemble MG21, (<a href=\"http:\/\/ensemblemg21.wordpress.com\">http:\/\/ensemblemg21.wordpress.com<\/a>).<\/p>\n<p>Sa discographie est disponible sur le catalogue de La Follia Madrigal (<a href=\"http:\/\/www.lafollia.com\">http:\/\/www.lafollia.com<\/a>) et chez Arion ( <a href=\"http:\/\/www.arion-music.com\">www.arion-music.com<\/a>).<\/p>\n<p>In English:<\/p>\n<p>Florentino Calvo studied music at the National Music and Dance School in Argenteuil, which has the best mandolin classes in France (he obtained a First Prize in the mandolin class of professor Mario Monti), and also, at that same school, studied guitar with Alberto Ponce.<\/p>\n<p>Florentino regularly plays with the main French orchestras: Th\u00e9\u00e2tre National de l&rsquo;Op\u00e9ra de Paris, Ensemble Intercontemporain, Orchestre National de France, Orchestre Philharmonique de Radio France, etc.<\/p>\n<p>As a founding member of Triopolycordes, he explores the contemporary repertory. Several composers have dedicated their works to this ensemble (<a href=\"http:\/\/www.triopolycordes.fr\">http:\/\/www.triopolycordes.fr<\/a>).<\/p>\n<p>Duo Spirituoso (<a href=\"https:\/\/www.facebook.com\/ensemblespirituoso\/info\">https:\/\/www.facebook.com\/ensemblespirituoso\/info<\/a>), created with harpsichordist Maria L\u00facia Barros, combines mandolin and basso continuo, played on replicas of ancient instruments.<\/p>\n<p>In 2012, they recorded \u201cLa Mandoline Baroque\u201d with Pierre Verany (PV 712061) and Leone&nbsp;(PV 715011).<\/p>\n<p>Since 1991, he has conducted a plectrum group: Estudiantina d&rsquo;Argenteuil (<a href=\"https:\/\/fr-fr.facebook.com\/EstudiantinaDArgenteuil\">https:\/\/fr-fr.facebook.com\/EstudiantinaDArgenteuil<\/a>) and since 2009, Ensemble MG21, (<a href=\"http:\/\/ensemblemg21.wordpress.com\">http:\/\/ensemblemg21.wordpress.com<\/a>).<\/p>\n<p>His discography is available in the catalogue of La Follia Madrigal (<a href=\"http:\/\/www.lafollia.com\">http:\/\/www.lafollia.com<\/a>) and Arion.<\/p>\n","protected":false},"excerpt":{"rendered":"<p>Florentino Calvo a effectu\u00e9 ses \u00e9tudes musicales \u00e0 l&rsquo;Ecole Nationale de Musique et de Danse d&rsquo;Argenteuil, haut lieu de l&rsquo;enseignement de la mandoline en France. Il a obtenu un Premier Prix de mandoline dans la classe du professeur Mario Monti. Dans ce m\u00eame \u00e9tablissement, il a suivi aussi les cours de guitare du Ma\u00eetre Alberto &hellip; <\/p>\n","protected":false},"author":1,"featured_media":0,"parent":1086,"menu_order":0,"comment_status":"closed","ping_status":"closed","template":"","meta":[],"_links":{"self":[{"href":"https:\/\/ensemblespirituoso.fr\/index.php?rest_route=\/wp\/v2\/pages\/1603"}],"collection":[{"href":"https:\/\/ensemblespirituoso.fr\/index.php?rest_route=\/wp\/v2\/pages"}],"about":[{"href":"https:\/\/ensemblespirituoso.fr\/index.php?rest_route=\/wp\/v2\/types\/page"}],"author":[{"embeddable":true,"href":"https:\/\/ensemblespirituoso.fr\/index.php?rest_route=\/wp\/v2\/users\/1"}],"replies":[{"embeddable":true,"href":"https:\/\/ensemblespirituoso.fr\/index.php?rest_route=%2Fwp%2Fv2%2Fcomments&post=1603"}],"version-history":[{"count":1,"href":"https:\/\/ensemblespirituoso.fr\/index.php?rest_route=\/wp\/v2\/pages\/1603\/revisions"}],"predecessor-version":[{"id":1969,"href":"https:\/\/ensemblespirituoso.fr\/index.php?rest_route=\/wp\/v2\/pages\/1603\/revisions\/1969"}],"up":[{"embeddable":true,"href":"https:\/\/ensemblespirituoso.fr\/index.php?rest_route=\/wp\/v2\/pages\/1086"}],"wp:attachment":[{"href":"https:\/\/ensemblespirituoso.fr\/index.php?rest_route=%2Fwp%2Fv2%2Fmedia&parent=1603"}],"curies":[{"name":"wp","href":"https:\/\/api.w.org\/{rel}","templated":true}]}}