{"id":1544,"date":"2015-04-02T00:14:08","date_gmt":"2015-04-02T04:14:08","guid":{"rendered":"http:\/\/music.themeart.co\/?page_id=2"},"modified":"2022-09-05T11:23:36","modified_gmt":"2022-09-05T09:23:36","slug":"contact","status":"publish","type":"page","link":"https:\/\/ensemblespirituoso.fr\/?page_id=1544","title":{"rendered":"Nous Contacter"},"content":{"rendered":"<p>Direction artistique : <br \/><strong>Maria L<b>\u00fa<\/b>cia Barros\u00a0<br \/><\/strong>barros.marialucia[@]gmail.com \/\/\u00a0 0<span dir=\"ltr\" data-tooltip=\"Appeler (+33679903036)\">6 79 90 30 36<\/span><br \/>et\u00a0<br \/><strong>Florentino Calvo<br \/><\/strong>florentino.calvo[@]lespinceesmusicales.fr<\/p>\n<p>Production : <strong>Jean-Christophe Grasberg<\/strong><br \/>jcg[@]lespinceesmusicales.fr \/\/ 06 08 11 06 54<\/p>\n<p>Charg\u00e9es de diffusion : <strong>Marie-Annick Dumez <\/strong>(marie-annick.dumez[@]lespinceesmusicales.fr)<br \/>et <strong>Christine Lobko<\/strong><\/p>\n<p>Disques : commander sur <a href=\"https:\/\/arion-music.com\/2017\/06\/20\/les-6-sonates-pour-mandoline-et-basse-continue-de-gabriele-leone-avec-lensemble-spirituoso\/\">Arion Music.<\/a><\/p>\n<p>Adresse postale : Les Pinc\u00e9es Musicales<br \/>15 rue des Dahlias<br \/>95100 Argenteuil<\/p>\n<p><strong>L&rsquo;ensemble est en r\u00e9sidence \u00e0 l&rsquo;Atelier, Jardins de l&rsquo;Abbaye, 19 rue Notre-Dame, ARGENTEUIL<\/strong><\/p>\n<p>\/!\\ pour nous envoyer un email, veillez \u00e0 enlever les crochets dans les adresses mentionn\u00e9es ci-dessus.<\/p>\n\n\n<p><\/p>\n","protected":false},"excerpt":{"rendered":"<p>Direction artistique : Maria L\u00facia Barros\u00a0barros.marialucia[@]gmail.com \/\/\u00a0 06 79 90 30 36et\u00a0Florentino Calvoflorentino.calvo[@]lespinceesmusicales.fr Production : Jean-Christophe Grasbergjcg[@]lespinceesmusicales.fr \/\/ 06 08 11 06 54 Charg\u00e9es de diffusion : Marie-Annick Dumez (marie-annick.dumez[@]lespinceesmusicales.fr)et Christine Lobko Disques : commander sur Arion Music. Adresse postale : Les Pinc\u00e9es Musicales15 rue des Dahlias95100 Argenteuil L&rsquo;ensemble est en r\u00e9sidence \u00e0 l&rsquo;Atelier, Jardins &hellip; <\/p>\n","protected":false},"author":1,"featured_media":0,"parent":0,"menu_order":0,"comment_status":"open","ping_status":"closed","template":"","meta":[],"_links":{"self":[{"href":"https:\/\/ensemblespirituoso.fr\/index.php?rest_route=\/wp\/v2\/pages\/1544"}],"collection":[{"href":"https:\/\/ensemblespirituoso.fr\/index.php?rest_route=\/wp\/v2\/pages"}],"about":[{"href":"https:\/\/ensemblespirituoso.fr\/index.php?rest_route=\/wp\/v2\/types\/page"}],"author":[{"embeddable":true,"href":"https:\/\/ensemblespirituoso.fr\/index.php?rest_route=\/wp\/v2\/users\/1"}],"replies":[{"embeddable":true,"href":"https:\/\/ensemblespirituoso.fr\/index.php?rest_route=%2Fwp%2Fv2%2Fcomments&post=1544"}],"version-history":[{"count":11,"href":"https:\/\/ensemblespirituoso.fr\/index.php?rest_route=\/wp\/v2\/pages\/1544\/revisions"}],"predecessor-version":[{"id":2118,"href":"https:\/\/ensemblespirituoso.fr\/index.php?rest_route=\/wp\/v2\/pages\/1544\/revisions\/2118"}],"wp:attachment":[{"href":"https:\/\/ensemblespirituoso.fr\/index.php?rest_route=%2Fwp%2Fv2%2Fmedia&parent=1544"}],"curies":[{"name":"wp","href":"https:\/\/api.w.org\/{rel}","templated":true}]}}